{"id":2351,"date":"2025-04-25T00:25:26","date_gmt":"2025-04-25T00:25:26","guid":{"rendered":"https:\/\/attri.net\/?page_id=2351"},"modified":"2025-04-25T20:05:00","modified_gmt":"2025-04-25T20:05:00","slug":"elementor-2351","status":"publish","type":"page","link":"https:\/\/attri.net\/es\/elementor-2351\/","title":{"rendered":"Pol\u00edtica de Privacidad y Uso de Cookies"},"content":{"rendered":"\t\t<div data-elementor-type=\"wp-page\" data-elementor-id=\"2351\" class=\"elementor elementor-2351\" data-elementor-post-type=\"page\">\n\t\t\t\t<div class=\"elementor-element elementor-element-7e092c1 e-flex e-con-boxed e-con e-parent\" data-id=\"7e092c1\" data-element_type=\"container\">\n\t\t\t\t\t<div class=\"e-con-inner\">\n\t\t\t\t<div class=\"elementor-element elementor-element-7f1ccd8 elementor-widget elementor-widget-heading\" data-id=\"7f1ccd8\" data-element_type=\"widget\" data-widget_type=\"heading.default\">\n\t\t\t\t<div class=\"elementor-widget-container\">\n\t\t\t\t\t<h2 class=\"elementor-heading-title elementor-size-default\">\ud83d\udd10 Pol\u00edtica de Privacidad y Uso de Cookies<\/h2>\t\t\t\t<\/div>\n\t\t\t\t<\/div>\n\t\t\t\t\t<\/div>\n\t\t\t\t<\/div>\n\t\t<div class=\"elementor-element elementor-element-1ded2b1 e-flex e-con-boxed e-con e-parent\" data-id=\"1ded2b1\" data-element_type=\"container\">\n\t\t\t\t\t<div class=\"e-con-inner\">\n\t\t\t\t<div class=\"elementor-element elementor-element-d10f414 elementor-widget elementor-widget-text-editor\" data-id=\"d10f414\" data-element_type=\"widget\" data-widget_type=\"text-editor.default\">\n\t\t\t\t<div class=\"elementor-widget-container\">\n\t\t\t\t\t\t\t\t\t<p data-start=\"254\" data-end=\"386\"><strong data-start=\"297\" data-end=\"314\">Vigente para:<\/strong><\/p><p data-start=\"254\" data-end=\"386\">Attri Branding &amp; Marketing<\/p><p data-start=\"254\" data-end=\"386\"><strong data-start=\"348\" data-end=\"362\">Ubicaci\u00f3n:<\/strong><\/p><p data-start=\"254\" data-end=\"386\">Houston, Texas, EE. UU.<\/p><hr class=\"\" data-start=\"388\" data-end=\"391\" \/><p data-start=\"393\" data-end=\"411\">1. Introducci\u00f3n<\/p><p data-start=\"413\" data-end=\"719\">En <strong data-start=\"416\" data-end=\"446\">Attri Branding &amp; Marketing<\/strong>, valoramos la privacidad de nuestros clientes, visitantes y usuarios. Esta Pol\u00edtica de Privacidad describe c\u00f3mo recopilamos, usamos, compartimos y protegemos tu informaci\u00f3n personal cuando visitas nuestro sitio web, utilizas nuestros servicios o te comunicas con nosotros.<\/p><hr class=\"\" data-start=\"721\" data-end=\"724\" \/><p data-start=\"726\" data-end=\"759\">2. Informaci\u00f3n que recopilamos<\/p><p data-start=\"761\" data-end=\"798\">Recopilamos dos tipos de informaci\u00f3n:<\/p><p data-start=\"800\" data-end=\"851\">a) Informaci\u00f3n personal que t\u00fa nos proporcionas<\/p><ul data-start=\"852\" data-end=\"980\"><li class=\"\" data-start=\"852\" data-end=\"902\"><p data-start=\"854\" data-end=\"902\">Nombre, correo electr\u00f3nico, n\u00famero de tel\u00e9fono<\/p><\/li><li class=\"\" data-start=\"903\" data-end=\"940\"><p data-start=\"905\" data-end=\"940\">Informaci\u00f3n de contacto comercial<\/p><\/li><li class=\"\" data-start=\"941\" data-end=\"980\"><p data-start=\"943\" data-end=\"980\">Detalles de consultas o solicitudes<\/p><\/li><\/ul><p data-start=\"982\" data-end=\"1027\">b) Informaci\u00f3n recopilada autom\u00e1ticamente<\/p><ul data-start=\"1028\" data-end=\"1161\"><li class=\"\" data-start=\"1028\" data-end=\"1044\"><p data-start=\"1030\" data-end=\"1044\">Direcci\u00f3n IP<\/p><\/li><li class=\"\" data-start=\"1045\" data-end=\"1080\"><p data-start=\"1047\" data-end=\"1080\">Tipo de navegador y dispositivo<\/p><\/li><li class=\"\" data-start=\"1081\" data-end=\"1125\"><p data-start=\"1083\" data-end=\"1125\">P\u00e1ginas visitadas y tiempo de navegaci\u00f3n<\/p><\/li><li class=\"\" data-start=\"1126\" data-end=\"1161\"><p data-start=\"1128\" data-end=\"1161\">Cookies y tecnolog\u00edas similares<\/p><\/li><\/ul><hr class=\"\" data-start=\"1163\" data-end=\"1166\" \/><p data-start=\"1168\" data-end=\"1195\">3. Uso de la informaci\u00f3n<\/p><p data-start=\"1197\" data-end=\"1224\">Usamos tu informaci\u00f3n para:<\/p><ul data-start=\"1225\" data-end=\"1421\"><li class=\"\" data-start=\"1225\" data-end=\"1270\"><p data-start=\"1227\" data-end=\"1270\">Ofrecer y personalizar nuestros servicios<\/p><\/li><li class=\"\" data-start=\"1271\" data-end=\"1335\"><p data-start=\"1273\" data-end=\"1335\">Enviar respuestas, presupuestos o comunicaciones comerciales<\/p><\/li><li class=\"\" data-start=\"1336\" data-end=\"1384\"><p data-start=\"1338\" data-end=\"1384\">Analizar el rendimiento de nuestro sitio web<\/p><\/li><li class=\"\" data-start=\"1385\" data-end=\"1421\"><p data-start=\"1387\" data-end=\"1421\">Cumplir con obligaciones legales<\/p><\/li><\/ul><hr class=\"\" data-start=\"1423\" data-end=\"1426\" \/><p data-start=\"1428\" data-end=\"1465\">4. Cookies y tecnolog\u00edas similares<\/p><p data-start=\"1467\" data-end=\"1487\">Usamos cookies para:<\/p><ul data-start=\"1488\" data-end=\"1613\"><li class=\"\" data-start=\"1488\" data-end=\"1528\"><p data-start=\"1490\" data-end=\"1528\">Mejorar tu experiencia de navegaci\u00f3n<\/p><\/li><li class=\"\" data-start=\"1529\" data-end=\"1558\"><p data-start=\"1531\" data-end=\"1558\">Recordar tus preferencias<\/p><\/li><li class=\"\" data-start=\"1559\" data-end=\"1613\"><p data-start=\"1561\" data-end=\"1613\">Analizar el tr\u00e1fico y comportamiento del sitio web<\/p><\/li><\/ul><p data-start=\"1615\" data-end=\"1651\">Tipos de cookies que utilizamos:<\/p><ul data-start=\"1652\" data-end=\"1850\"><li class=\"\" data-start=\"1652\" data-end=\"1715\"><p data-start=\"1654\" data-end=\"1715\">Esenciales: necesarias para el funcionamiento del sitio<\/p><\/li><li class=\"\" data-start=\"1716\" data-end=\"1767\"><p data-start=\"1718\" data-end=\"1767\">Anal\u00edticas: (por ejemplo, Google Analytics)<\/p><\/li><li class=\"\" data-start=\"1768\" data-end=\"1850\"><p data-start=\"1770\" data-end=\"1850\">De marketing: para campa\u00f1as personalizadas (como Facebook Ads, Google Ads)<\/p><\/li><\/ul><p data-start=\"1852\" data-end=\"1936\">Puedes gestionar tus preferencias de cookies desde la configuraci\u00f3n de tu navegador.<\/p><hr class=\"\" data-start=\"1938\" data-end=\"1941\" \/><p data-start=\"1943\" data-end=\"1970\">5. Compartici\u00f3n de datos<\/p><p data-start=\"1972\" data-end=\"2037\">No vendemos tu informaci\u00f3n personal. Podemos compartir datos con:<\/p><ul data-start=\"2038\" data-end=\"2231\"><li class=\"\" data-start=\"2038\" data-end=\"2127\"><p data-start=\"2040\" data-end=\"2127\">Proveedores de servicios tecnol\u00f3gicos (como hosting o plataformas de email marketing)<\/p><\/li><li class=\"\" data-start=\"2128\" data-end=\"2191\"><p data-start=\"2130\" data-end=\"2191\">Plataformas publicitarias bajo contrato de confidencialidad<\/p><\/li><li class=\"\" data-start=\"2192\" data-end=\"2231\"><p data-start=\"2194\" data-end=\"2231\">Autoridades si es requerido por ley<\/p><\/li><\/ul><hr class=\"\" data-start=\"2233\" data-end=\"2236\" \/><p data-start=\"2238\" data-end=\"2266\">6. Seguridad de los datos<\/p><p data-start=\"2268\" data-end=\"2336\">Implementamos medidas razonables para proteger tu informaci\u00f3n, como:<\/p><ul data-start=\"2337\" data-end=\"2400\"><li class=\"\" data-start=\"2337\" data-end=\"2346\"><p data-start=\"2339\" data-end=\"2346\">HTTPS<\/p><\/li><li class=\"\" data-start=\"2347\" data-end=\"2360\"><p data-start=\"2349\" data-end=\"2360\">Firewalls<\/p><\/li><li class=\"\" data-start=\"2361\" data-end=\"2400\"><p data-start=\"2363\" data-end=\"2400\">Acceso restringido a datos internos<\/p><\/li><\/ul><hr class=\"\" data-start=\"2402\" data-end=\"2405\" \/><p data-start=\"2407\" data-end=\"2436\">7. Tus derechos y opciones<\/p><p data-start=\"2438\" data-end=\"2455\">Tienes derecho a:<\/p><ul data-start=\"2456\" data-end=\"2642\"><li class=\"\" data-start=\"2456\" data-end=\"2514\"><p data-start=\"2458\" data-end=\"2514\">Acceder a la informaci\u00f3n personal que tenemos sobre ti<\/p><\/li><li class=\"\" data-start=\"2515\" data-end=\"2569\"><p data-start=\"2517\" data-end=\"2569\">Solicitar la correcci\u00f3n o eliminaci\u00f3n de tus datos<\/p><\/li><li class=\"\" data-start=\"2570\" data-end=\"2642\"><p data-start=\"2572\" data-end=\"2642\">Optar por no recibir comunicaciones comerciales en cualquier momento<\/p><\/li><\/ul><p data-start=\"2644\" data-end=\"2798\">Para ejercer estos derechos, <strong data-start=\"2673\" data-end=\"2797\">utiliza los datos de contacto disponibles en el pie de p\u00e1gina del sitio web o a trav\u00e9s de nuestro formulario de contacto<\/strong>.<\/p><hr class=\"\" data-start=\"2800\" data-end=\"2803\" \/><p data-start=\"2805\" data-end=\"2834\">8. Cambios a esta pol\u00edtica<\/p><p data-start=\"2836\" data-end=\"2926\">Podemos actualizar esta Pol\u00edtica peri\u00f3dicamente. Te recomendamos revisarla ocasionalmente.<\/p><hr class=\"\" data-start=\"2928\" data-end=\"2931\" \/><p data-start=\"2933\" data-end=\"2947\">9. Contacto<\/p><p data-start=\"2949\" data-end=\"3122\">Si tienes preguntas sobre esta Pol\u00edtica de Privacidad, <strong data-start=\"3004\" data-end=\"3122\">por favor dir\u00edgete al pie de p\u00e1gina de este sitio o al formulario de contacto para comunicarte con nuestro equipo.<\/strong><\/p><p data-start=\"2949\" data-end=\"3122\">\u00a0<\/p>\t\t\t\t\t\t\t\t<\/div>\n\t\t\t\t<\/div>\n\t\t\t\t\t<\/div>\n\t\t\t\t<\/div>\n\t\t\t\t<\/div>\n\t\t","protected":false},"excerpt":{"rendered":"<p>\ud83d\udd10 Pol\u00edtica de Privacidad y Uso de Cookies Vigente para: Attri Branding &amp; Marketing Ubicaci\u00f3n: Houston, Texas, EE. UU. 1. Introducci\u00f3n En Attri Branding &amp; Marketing, valoramos la privacidad de nuestros clientes, visitantes y usuarios. Esta Pol\u00edtica de Privacidad describe c\u00f3mo recopilamos, usamos, compartimos y protegemos tu informaci\u00f3n personal cuando visitas nuestro sitio web, utilizas [&hellip;]<\/p>\n","protected":false},"author":1,"featured_media":0,"parent":0,"menu_order":0,"comment_status":"closed","ping_status":"closed","template":"","meta":{"footnotes":""},"class_list":["post-2351","page","type-page","status-publish","hentry"],"_links":{"self":[{"href":"https:\/\/attri.net\/es\/wp-json\/wp\/v2\/pages\/2351","targetHints":{"allow":["GET"]}}],"collection":[{"href":"https:\/\/attri.net\/es\/wp-json\/wp\/v2\/pages"}],"about":[{"href":"https:\/\/attri.net\/es\/wp-json\/wp\/v2\/types\/page"}],"author":[{"embeddable":true,"href":"https:\/\/attri.net\/es\/wp-json\/wp\/v2\/users\/1"}],"replies":[{"embeddable":true,"href":"https:\/\/attri.net\/es\/wp-json\/wp\/v2\/comments?post=2351"}],"version-history":[{"count":70,"href":"https:\/\/attri.net\/es\/wp-json\/wp\/v2\/pages\/2351\/revisions"}],"predecessor-version":[{"id":2438,"href":"https:\/\/attri.net\/es\/wp-json\/wp\/v2\/pages\/2351\/revisions\/2438"}],"wp:attachment":[{"href":"https:\/\/attri.net\/es\/wp-json\/wp\/v2\/media?parent=2351"}],"curies":[{"name":"wp","href":"https:\/\/api.w.org\/{rel}","templated":true}]}}