{"id":2351,"date":"2025-04-25T00:25:26","date_gmt":"2025-04-25T00:25:26","guid":{"rendered":"https:\/\/attri.net\/?page_id=2351"},"modified":"2025-04-25T20:05:00","modified_gmt":"2025-04-25T20:05:00","slug":"elementor-2351","status":"publish","type":"page","link":"https:\/\/attri.net\/en\/elementor-2351\/","title":{"rendered":"\ud83d\udd10 Privacy Policy and Cookie Use"},"content":{"rendered":"<div data-elementor-type=\"wp-page\" data-elementor-id=\"2351\" class=\"elementor elementor-2351\" data-elementor-post-type=\"page\">\n\t\t\t\t<div class=\"elementor-element elementor-element-7e092c1 e-flex e-con-boxed e-con e-parent\" data-id=\"7e092c1\" data-element_type=\"container\">\n\t\t\t\t\t<div class=\"e-con-inner\">\n\t\t\t\t<div class=\"elementor-element elementor-element-7f1ccd8 elementor-widget elementor-widget-heading\" data-id=\"7f1ccd8\" data-element_type=\"widget\" data-widget_type=\"heading.default\">\n\t\t\t\t<div class=\"elementor-widget-container\">\n\t\t\t\t\t<h2 class=\"elementor-heading-title elementor-size-default\">\ud83d\udd10 Privacy Policy and Cookie Use<\/h2>\t\t\t\t<\/div>\n\t\t\t\t<\/div>\n\t\t\t\t\t<\/div>\n\t\t\t\t<\/div>\n\t\t<div class=\"elementor-element elementor-element-1ded2b1 e-flex e-con-boxed e-con e-parent\" data-id=\"1ded2b1\" data-element_type=\"container\">\n\t\t\t\t\t<div class=\"e-con-inner\">\n\t\t\t\t<div class=\"elementor-element elementor-element-d10f414 elementor-widget elementor-widget-text-editor\" data-id=\"d10f414\" data-element_type=\"widget\" data-widget_type=\"text-editor.default\">\n\t\t\t\t<div class=\"elementor-widget-container\">\n\t\t\t\t\t\t\t\t\t<p data-start=\"254\" data-end=\"386\"><strong data-start=\"297\" data-end=\"314\">Vigente para:<\/strong><\/p><p data-start=\"254\" data-end=\"386\">Attri Branding &amp; Marketing<\/p><p data-start=\"254\" data-end=\"386\"><strong data-start=\"348\" data-end=\"362\">Location:<\/strong><\/p><p data-start=\"254\" data-end=\"386\">Houston, Texas, EE. UU.<\/p><hr class=\"\" data-start=\"388\" data-end=\"391\" \/><p data-start=\"393\" data-end=\"411\">1. Introduction<\/p><p data-start=\"413\" data-end=\"719\">En <strong data-start=\"416\" data-end=\"446\">Attri Branding &amp; Marketing<\/strong>We value the privacy of our customers, visitors, and users. This Privacy Policy describes how we collect, use, share, and protect your personal information when you visit our website, use our services, or communicate with us.<\/p><hr class=\"\" data-start=\"721\" data-end=\"724\" \/><p data-start=\"726\" data-end=\"759\">2. Information We Collect<\/p><p data-start=\"761\" data-end=\"798\">We collect two types of information:<\/p><p data-start=\"800\" data-end=\"851\">a) Personal information you provide to us<\/p><ul data-start=\"852\" data-end=\"980\"><li class=\"\" data-start=\"852\" data-end=\"902\"><p data-start=\"854\" data-end=\"902\">Nombre, correo electr\u00f3nico, n\u00famero de tel\u00e9fono<\/p><\/li><li class=\"\" data-start=\"903\" data-end=\"940\"><p data-start=\"905\" data-end=\"940\">Business contact information<\/p><\/li><li class=\"\" data-start=\"941\" data-end=\"980\"><p data-start=\"943\" data-end=\"980\">Details of inquiries or requests<\/p><\/li><\/ul><p data-start=\"982\" data-end=\"1027\">b) Information collected automatically<\/p><ul data-start=\"1028\" data-end=\"1161\"><li class=\"\" data-start=\"1028\" data-end=\"1044\"><p data-start=\"1030\" data-end=\"1044\">IP address<\/p><\/li><li class=\"\" data-start=\"1045\" data-end=\"1080\"><p data-start=\"1047\" data-end=\"1080\">Browser and device type<\/p><\/li><li class=\"\" data-start=\"1081\" data-end=\"1125\"><p data-start=\"1083\" data-end=\"1125\">Pages visited and browsing time<\/p><\/li><li class=\"\" data-start=\"1126\" data-end=\"1161\"><p data-start=\"1128\" data-end=\"1161\">Cookies and similar technologies<\/p><\/li><\/ul><hr class=\"\" data-start=\"1163\" data-end=\"1166\" \/><p data-start=\"1168\" data-end=\"1195\">3. Use of Information<\/p><p data-start=\"1197\" data-end=\"1224\">We use your information to:<\/p><ul data-start=\"1225\" data-end=\"1421\"><li class=\"\" data-start=\"1225\" data-end=\"1270\"><p data-start=\"1227\" data-end=\"1270\">Offer and personalize our services<\/p><\/li><li class=\"\" data-start=\"1271\" data-end=\"1335\"><p data-start=\"1273\" data-end=\"1335\">Send responses, quotes, or business communications.<\/p><\/li><li class=\"\" data-start=\"1336\" data-end=\"1384\"><p data-start=\"1338\" data-end=\"1384\">Analyze the performance of our website.<\/p><\/li><li class=\"\" data-start=\"1385\" data-end=\"1421\"><p data-start=\"1387\" data-end=\"1421\">Cumplir con obligaciones legales<\/p><\/li><\/ul><hr class=\"\" data-start=\"1423\" data-end=\"1426\" \/><p data-start=\"1428\" data-end=\"1465\">4. Cookies and Similar Technologies<\/p><p data-start=\"1467\" data-end=\"1487\">We use cookies to:<\/p><ul data-start=\"1488\" data-end=\"1613\"><li class=\"\" data-start=\"1488\" data-end=\"1528\"><p data-start=\"1490\" data-end=\"1528\">Enhance your browsing experience<\/p><\/li><li class=\"\" data-start=\"1529\" data-end=\"1558\"><p data-start=\"1531\" data-end=\"1558\">Remember your preferences<\/p><\/li><li class=\"\" data-start=\"1559\" data-end=\"1613\"><p data-start=\"1561\" data-end=\"1613\">Analyze website traffic and behavior<\/p><\/li><\/ul><p data-start=\"1615\" data-end=\"1651\">Types of cookies we use:<\/p><ul data-start=\"1652\" data-end=\"1850\"><li class=\"\" data-start=\"1652\" data-end=\"1715\"><p data-start=\"1654\" data-end=\"1715\">Esenciales: necesarias para el funcionamiento del sitio<\/p><\/li><li class=\"\" data-start=\"1716\" data-end=\"1767\"><p data-start=\"1718\" data-end=\"1767\">Anal\u00edticas: (por ejemplo, Google Analytics)<\/p><\/li><li class=\"\" data-start=\"1768\" data-end=\"1850\"><p data-start=\"1770\" data-end=\"1850\">De marketing: para campa\u00f1as personalizadas (como Facebook Ads, Google Ads)<\/p><\/li><\/ul><p data-start=\"1852\" data-end=\"1936\">You can manage your cookie preferences from your browser settings.<\/p><hr class=\"\" data-start=\"1938\" data-end=\"1941\" \/><p data-start=\"1943\" data-end=\"1970\">5. Data Sharing<\/p><p data-start=\"1972\" data-end=\"2037\">We do not sell your personal information. We may share data with:<\/p><ul data-start=\"2038\" data-end=\"2231\"><li class=\"\" data-start=\"2038\" data-end=\"2127\"><p data-start=\"2040\" data-end=\"2127\">Technology service providers (e.g., hosting or email marketing platforms)<\/p><\/li><li class=\"\" data-start=\"2128\" data-end=\"2191\"><p data-start=\"2130\" data-end=\"2191\">Advertising platforms under confidentiality agreements<\/p><\/li><li class=\"\" data-start=\"2192\" data-end=\"2231\"><p data-start=\"2194\" data-end=\"2231\">Authorities if required by law<\/p><\/li><\/ul><hr class=\"\" data-start=\"2233\" data-end=\"2236\" \/><p data-start=\"2238\" data-end=\"2266\">6. Data Security<\/p><p data-start=\"2268\" data-end=\"2336\">We implement reasonable measures to protect your information, such as:<\/p><ul data-start=\"2337\" data-end=\"2400\"><li class=\"\" data-start=\"2337\" data-end=\"2346\"><p data-start=\"2339\" data-end=\"2346\">HTTPS<\/p><\/li><li class=\"\" data-start=\"2347\" data-end=\"2360\"><p data-start=\"2349\" data-end=\"2360\">Firewalls<\/p><\/li><li class=\"\" data-start=\"2361\" data-end=\"2400\"><p data-start=\"2363\" data-end=\"2400\">Restricted access to internal data<\/p><\/li><\/ul><hr class=\"\" data-start=\"2402\" data-end=\"2405\" \/><p data-start=\"2407\" data-end=\"2436\">7. Your Rights and Choices<\/p><p data-start=\"2438\" data-end=\"2455\">You have the right to:<\/p><ul data-start=\"2456\" data-end=\"2642\"><li class=\"\" data-start=\"2456\" data-end=\"2514\"><p data-start=\"2458\" data-end=\"2514\">Access the personal information we have about you<\/p><\/li><li class=\"\" data-start=\"2515\" data-end=\"2569\"><p data-start=\"2517\" data-end=\"2569\">Request the correction or deletion of your data<\/p><\/li><li class=\"\" data-start=\"2570\" data-end=\"2642\"><p data-start=\"2572\" data-end=\"2642\">Opt-out of receiving commercial communications at any time<\/p><\/li><\/ul><p data-start=\"2644\" data-end=\"2798\">To exercise these rights <strong data-start=\"2673\" data-end=\"2797\">use the contact information available in the website footer or through our contact form.<\/strong>.<\/p><hr class=\"\" data-start=\"2800\" data-end=\"2803\" \/><p data-start=\"2805\" data-end=\"2834\">8. Changes to This Policy<\/p><p data-start=\"2836\" data-end=\"2926\">We may update this Policy periodically. We recommend reviewing it occasionally.<\/p><hr class=\"\" data-start=\"2928\" data-end=\"2931\" \/><p data-start=\"2933\" data-end=\"2947\">9. Contact<\/p><p data-start=\"2949\" data-end=\"3122\">If you have questions about this Privacy Policy, <strong data-start=\"3004\" data-end=\"3122\">please refer to the footer of this site or the contact form to reach our team.<\/strong><\/p><p data-start=\"2949\" data-end=\"3122\">\u00a0<\/p>\t\t\t\t\t\t\t\t<\/div>\n\t\t\t\t<\/div>\n\t\t\t\t\t<\/div>\n\t\t\t\t<\/div>\n\t\t\t\t<\/div>","protected":false},"excerpt":{"rendered":"<p>\ud83d\udd10 Pol\u00edtica de Privacidad y Uso de Cookies Vigente para: Attri Branding &amp; Marketing Ubicaci\u00f3n: Houston, Texas, EE. UU. 1. Introducci\u00f3n En Attri Branding &amp; Marketing, valoramos la privacidad de nuestros clientes, visitantes y usuarios. Esta Pol\u00edtica de Privacidad describe c\u00f3mo recopilamos, usamos, compartimos y protegemos tu informaci\u00f3n personal cuando visitas nuestro sitio web, utilizas [&hellip;]<\/p>","protected":false},"author":1,"featured_media":0,"parent":0,"menu_order":0,"comment_status":"closed","ping_status":"closed","template":"","meta":{"footnotes":""},"class_list":["post-2351","page","type-page","status-publish","hentry"],"_links":{"self":[{"href":"https:\/\/attri.net\/en\/wp-json\/wp\/v2\/pages\/2351","targetHints":{"allow":["GET"]}}],"collection":[{"href":"https:\/\/attri.net\/en\/wp-json\/wp\/v2\/pages"}],"about":[{"href":"https:\/\/attri.net\/en\/wp-json\/wp\/v2\/types\/page"}],"author":[{"embeddable":true,"href":"https:\/\/attri.net\/en\/wp-json\/wp\/v2\/users\/1"}],"replies":[{"embeddable":true,"href":"https:\/\/attri.net\/en\/wp-json\/wp\/v2\/comments?post=2351"}],"version-history":[{"count":70,"href":"https:\/\/attri.net\/en\/wp-json\/wp\/v2\/pages\/2351\/revisions"}],"predecessor-version":[{"id":2438,"href":"https:\/\/attri.net\/en\/wp-json\/wp\/v2\/pages\/2351\/revisions\/2438"}],"wp:attachment":[{"href":"https:\/\/attri.net\/en\/wp-json\/wp\/v2\/media?parent=2351"}],"curies":[{"name":"wp","href":"https:\/\/api.w.org\/{rel}","templated":true}]}}